{"id":1107,"date":"2016-02-09T15:40:29","date_gmt":"2016-02-09T13:40:29","guid":{"rendered":"https:\/\/partnex.maxcon.pl\/ru\/?page_id=1107"},"modified":"2020-11-06T12:13:38","modified_gmt":"2020-11-06T10:13:38","slug":"firma","status":"publish","type":"page","link":"https:\/\/partnex.com.pl\/ru\/firma\/","title":{"rendered":"Firma"},"content":{"rendered":"[vc_row][vc_column width=&#187;1\/1&#8243;]<div style=\"height: 650px\" data-midnight=\"nectar-slider\" class=\"parallax_slider_outer \"><div style=\"height: 650px\"  data-transition=\"slide\" data-overall_style=\"directional\" data-flexible-height=\"\" data-animate-in-effect=\"none\" data-fullscreen=\"false\" data-button-sizing=\"regular\" data-button-styling=\"btn_with_count\" data-autorotate=\"7000\" data-parallax=\"true\" data-full-width=\"true\" class=\"nectar-slider-wrap \" id=\"ns-id-69eba5331f731\">\n\t\t\t<div style=\"height: 650px\" class=\"swiper-container\"  data-tho=\"auto\" data-tco=\"auto\" data-pho=\"auto\" data-pco=\"auto\" data-loop=\"true\" data-height=\"650\" data-min-height=\"\" data-arrows=\"false\" data-bullets=\"false\" data-bullet_style=\"see_through\" data-desktop-swipe=\"false\" data-settings=\"\">\n\t\t\t\t    <div class=\"swiper-wrapper\"><\/div><a href=\"\" class=\"slider-prev\"><i class=\"icon-angle-left\"><\/i> <\/a>\n\t\t\t\t     \t\t<a href=\"\" class=\"slider-next\"><i class=\"icon-angle-right\"><\/i> <\/a><div class=\"nectar-slider-loading \"> <span class=\"loading-icon none\">   <\/span> <\/div> <\/div> \n\t\t\t\t\n\t\t\t<\/div><\/div>[\/vc_column][\/vc_row][vc_row][vc_column width=&#187;1\/1&#8243;][vc_row_inner][vc_column_inner width=&#187;1\/1&#8243;]\n[\/vc_column_inner][\/vc_row_inner][\/vc_column][\/vc_row][vc_row][vc_column width=&#187;2\/3&#8243;][vc_column_text]<div class=\"nectar-milestone \"  data-ms-align=\"default\" > <div class=\"number extra-color-2\" data-number-size=\"\"><span>34<\/span><\/div> <div class=\"subject\" >Lata dzia\u0142alno\u015bci na rynku<\/div> <\/div>\n<p>Partnex jest prywatn\u0105 firm\u0105 za\u0142o\u017con\u0105 w 1982 roku przez dw\u00f3ch polskich in\u017cynier\u00f3w. Specjalizuje si\u0119 w wytwarzaniu wysokiej jako\u015bci produkt\u00f3w ze stali nierdzewnej i aluminium dla bran\u017cy meblarskiej i przemys\u0142u okr\u0119towego. Obecny zatrudniamy\u00a0ponad 120\u00a0os\u00f3b.<\/p>\n<p>Dysponujemy trzema w\u0142asnymi halami produkcyjnymi i magazynowymi o powierzchni ponad 7000 m2 oraz najnowocze\u015bniejszym parkiem maszynowym do obr\u00f3bki stali nierdzewnej, w tym obrabiarkami CNC oraz zautomatyzowanym laserowym systemem ci\u0119cia o powierzchni roboczej 4 x 2 m.<\/p>\n<div class=\"nectar-milestone \"  data-ms-align=\"default\" > <div class=\"number extra-color-2\" data-number-size=\"\"><span>7000<\/span><\/div> <div class=\"subject\" >m2 powierzchni produkcyjnej i magazynowej<\/div> <\/div>\n<p>Zapewniamy kompleksow\u0105 obs\u0142ug\u0119 projekt\u00f3w, od doradztwa projektowego, produkcji, logistyki po monta\u017c w lokalizacjach na terenie Europy, Azji oraz bliskiego wschodu.[\/vc_column_text][\/vc_column][vc_column width=&#187;1\/3&#8243;]<div class=\"img-with-aniamtion-wrap left\" data-max-width=\"100%\" data-border-radius=\"\"><div class=\"inner\"><img loading=\"lazy\" decoding=\"async\" data-shadow=\"none\" data-shadow-direction=\"middle\" class=\"img-with-animation \" data-delay=\"0\" height=\"305\" width=\"350\" data-animation=\"none\" src=\"https:\/\/partnex.com.pl\/wp-content\/uploads\/2016\/02\/logo-ikona-1.png\" srcset=\"https:\/\/partnex.com.pl\/wp-content\/uploads\/2016\/02\/logo-ikona-1.png 350w, https:\/\/partnex.com.pl\/wp-content\/uploads\/2016\/02\/logo-ikona-1-150x131.png 150w, https:\/\/partnex.com.pl\/wp-content\/uploads\/2016\/02\/logo-ikona-1-300x261.png 300w\" sizes=\"auto, 100vw\" alt=\"\" \/><\/div><\/div>[\/vc_column][\/vc_row]\n[vc_row][vc_column width=&#187;1\/1&#8243;]<div class=\"divider-wrap\"><div style=\"margin-top: 12px; height: 1px; margin-bottom: 12px;\" data-width=\"100%\" data-animate=\"\" data-animation-delay=\"\" data-color=\"default\" class=\"divider-border\"><\/div><\/div>[\/vc_column][\/vc_row][vc_row][vc_column width=&#187;1\/1&#8243;]\n<h3><strong><em>W zwi\u0105zku z trudn\u0105 sytuacj\u0105, jaka powsta\u0142a w czasie pandemii Covid-19, firma PARTNEX, w celu utrzymania dzia\u0142alno\u015bci, skorzysta\u0142a ze wsparcia Funduszy Europejskich. Warto\u015b\u0107 takiego dzia\u0142ania (utrzymanie produkcji, brak zwolnie\u0144 grupowych) oceniono na 256\u00a0573,77 z\u0142. I taki wk\u0142ad nasza firma otrzyma\u0142a z Funduszy Europejskich. Dzi\u0119ki temu zak\u0142ad dzia\u0142a\u0142 bez przerw, a pracownicy utrzymali swoje miejsca pracy. <\/em><\/strong><\/h3>\n[\/vc_column][\/vc_row]\n[vc_row][vc_column width=&#187;1\/1&#8243;]<div class=\"divider-wrap\"><div style=\"margin-top: 12px; height: 1px; margin-bottom: 12px;\" data-width=\"100%\" data-animate=\"\" data-animation-delay=\"\" data-color=\"default\" class=\"divider-border\"><\/div><\/div>[\/vc_column][\/vc_row][vc_row][vc_column width=&#187;1\/1&#8243;]\n    <div class=\"col span_12 section-title text-align-center extra-padding\">\n\t\t<h2>\n<p>Historyczne realizacje<\/p>\n<\/h2><\/div><div class=\"clear\"><\/div>[\/vc_column][\/vc_row][vc_row][vc_column width=&#187;1\/3&#8243;]<div class=\"img-with-aniamtion-wrap left\" data-max-width=\"100%\" data-border-radius=\"\"><div class=\"inner\"><img loading=\"lazy\" decoding=\"async\" data-shadow=\"none\" data-shadow-direction=\"middle\" class=\"img-with-animation \" data-delay=\"0\" height=\"500\" width=\"500\" data-animation=\"none\" src=\"https:\/\/partnex.com.pl\/wp-content\/uploads\/2016\/02\/Scan0047-1.jpg\" srcset=\"https:\/\/partnex.com.pl\/wp-content\/uploads\/2016\/02\/Scan0047-1.jpg 500w, https:\/\/partnex.com.pl\/wp-content\/uploads\/2016\/02\/Scan0047-1-150x150.jpg 150w, https:\/\/partnex.com.pl\/wp-content\/uploads\/2016\/02\/Scan0047-1-300x300.jpg 300w, https:\/\/partnex.com.pl\/wp-content\/uploads\/2016\/02\/Scan0047-1-50x50.jpg 50w, https:\/\/partnex.com.pl\/wp-content\/uploads\/2016\/02\/Scan0047-1-100x100.jpg 100w\" sizes=\"auto, 100vw\" alt=\"\" \/><\/div><\/div>[\/vc_column][vc_column width=&#187;1\/3&#8243;]<div class=\"img-with-aniamtion-wrap left\" data-max-width=\"100%\" data-border-radius=\"\"><div class=\"inner\"><img loading=\"lazy\" decoding=\"async\" data-shadow=\"none\" data-shadow-direction=\"middle\" class=\"img-with-animation \" data-delay=\"0\" height=\"500\" width=\"500\" data-animation=\"none\" src=\"https:\/\/partnex.com.pl\/wp-content\/uploads\/2016\/02\/Scan0029.jpg\" srcset=\"https:\/\/partnex.com.pl\/wp-content\/uploads\/2016\/02\/Scan0029.jpg 500w, https:\/\/partnex.com.pl\/wp-content\/uploads\/2016\/02\/Scan0029-150x150.jpg 150w, https:\/\/partnex.com.pl\/wp-content\/uploads\/2016\/02\/Scan0029-300x300.jpg 300w, https:\/\/partnex.com.pl\/wp-content\/uploads\/2016\/02\/Scan0029-50x50.jpg 50w, https:\/\/partnex.com.pl\/wp-content\/uploads\/2016\/02\/Scan0029-100x100.jpg 100w\" sizes=\"auto, 100vw\" alt=\"\" \/><\/div><\/div>[\/vc_column][vc_column width=&#187;1\/3&#8243;]<div class=\"img-with-aniamtion-wrap left\" data-max-width=\"100%\" data-border-radius=\"\"><div class=\"inner\"><img loading=\"lazy\" decoding=\"async\" data-shadow=\"none\" data-shadow-direction=\"middle\" class=\"img-with-animation \" data-delay=\"0\" height=\"500\" width=\"500\" data-animation=\"none\" src=\"https:\/\/partnex.com.pl\/wp-content\/uploads\/2016\/02\/Scan0043.jpg\" srcset=\"https:\/\/partnex.com.pl\/wp-content\/uploads\/2016\/02\/Scan0043.jpg 500w, https:\/\/partnex.com.pl\/wp-content\/uploads\/2016\/02\/Scan0043-150x150.jpg 150w, https:\/\/partnex.com.pl\/wp-content\/uploads\/2016\/02\/Scan0043-300x300.jpg 300w, https:\/\/partnex.com.pl\/wp-content\/uploads\/2016\/02\/Scan0043-50x50.jpg 50w, https:\/\/partnex.com.pl\/wp-content\/uploads\/2016\/02\/Scan0043-100x100.jpg 100w\" sizes=\"auto, 100vw\" alt=\"\" \/><\/div><\/div>[\/vc_column][\/vc_row][vc_row][vc_column width=&#187;1\/3&#8243;]<div class=\"img-with-aniamtion-wrap left\" data-max-width=\"100%\" data-border-radius=\"\"><div class=\"inner\"><img loading=\"lazy\" decoding=\"async\" data-shadow=\"none\" data-shadow-direction=\"middle\" class=\"img-with-animation \" data-delay=\"0\" height=\"500\" width=\"500\" data-animation=\"none\" src=\"https:\/\/partnex.com.pl\/wp-content\/uploads\/2016\/02\/Scan0025.jpg\" srcset=\"https:\/\/partnex.com.pl\/wp-content\/uploads\/2016\/02\/Scan0025.jpg 500w, https:\/\/partnex.com.pl\/wp-content\/uploads\/2016\/02\/Scan0025-150x150.jpg 150w, https:\/\/partnex.com.pl\/wp-content\/uploads\/2016\/02\/Scan0025-300x300.jpg 300w, https:\/\/partnex.com.pl\/wp-content\/uploads\/2016\/02\/Scan0025-50x50.jpg 50w, https:\/\/partnex.com.pl\/wp-content\/uploads\/2016\/02\/Scan0025-100x100.jpg 100w\" sizes=\"auto, 100vw\" alt=\"\" \/><\/div><\/div>[\/vc_column][vc_column width=&#187;1\/3&#8243;]<div class=\"img-with-aniamtion-wrap left\" data-max-width=\"100%\" data-border-radius=\"\"><div class=\"inner\"><img loading=\"lazy\" decoding=\"async\" data-shadow=\"none\" data-shadow-direction=\"middle\" class=\"img-with-animation \" data-delay=\"0\" height=\"500\" width=\"500\" data-animation=\"none\" src=\"https:\/\/partnex.com.pl\/wp-content\/uploads\/2016\/02\/Scan0037.jpg\" srcset=\"https:\/\/partnex.com.pl\/wp-content\/uploads\/2016\/02\/Scan0037.jpg 500w, https:\/\/partnex.com.pl\/wp-content\/uploads\/2016\/02\/Scan0037-150x150.jpg 150w, https:\/\/partnex.com.pl\/wp-content\/uploads\/2016\/02\/Scan0037-300x300.jpg 300w, https:\/\/partnex.com.pl\/wp-content\/uploads\/2016\/02\/Scan0037-50x50.jpg 50w, https:\/\/partnex.com.pl\/wp-content\/uploads\/2016\/02\/Scan0037-100x100.jpg 100w\" sizes=\"auto, 100vw\" alt=\"\" \/><\/div><\/div>[\/vc_column][vc_column width=&#187;1\/3&#8243;]<div class=\"img-with-aniamtion-wrap left\" data-max-width=\"100%\" data-border-radius=\"\"><div class=\"inner\"><img loading=\"lazy\" decoding=\"async\" data-shadow=\"none\" data-shadow-direction=\"middle\" class=\"img-with-animation \" data-delay=\"0\" height=\"500\" width=\"500\" data-animation=\"none\" src=\"https:\/\/partnex.com.pl\/wp-content\/uploads\/2016\/02\/Scan0039.jpg\" srcset=\"https:\/\/partnex.com.pl\/wp-content\/uploads\/2016\/02\/Scan0039.jpg 500w, https:\/\/partnex.com.pl\/wp-content\/uploads\/2016\/02\/Scan0039-150x150.jpg 150w, https:\/\/partnex.com.pl\/wp-content\/uploads\/2016\/02\/Scan0039-300x300.jpg 300w, https:\/\/partnex.com.pl\/wp-content\/uploads\/2016\/02\/Scan0039-50x50.jpg 50w, https:\/\/partnex.com.pl\/wp-content\/uploads\/2016\/02\/Scan0039-100x100.jpg 100w\" sizes=\"auto, 100vw\" alt=\"\" \/><\/div><\/div>[\/vc_column][\/vc_row][vc_row][vc_column width=&#187;1\/3&#8243;]<div class=\"img-with-aniamtion-wrap left\" data-max-width=\"100%\" data-border-radius=\"\"><div class=\"inner\"><img loading=\"lazy\" decoding=\"async\" data-shadow=\"none\" data-shadow-direction=\"middle\" class=\"img-with-animation \" data-delay=\"0\" height=\"500\" width=\"500\" data-animation=\"none\" src=\"https:\/\/partnex.com.pl\/wp-content\/uploads\/2016\/02\/Scan0036.jpg\" srcset=\"https:\/\/partnex.com.pl\/wp-content\/uploads\/2016\/02\/Scan0036.jpg 500w, https:\/\/partnex.com.pl\/wp-content\/uploads\/2016\/02\/Scan0036-150x150.jpg 150w, https:\/\/partnex.com.pl\/wp-content\/uploads\/2016\/02\/Scan0036-300x300.jpg 300w, https:\/\/partnex.com.pl\/wp-content\/uploads\/2016\/02\/Scan0036-50x50.jpg 50w, https:\/\/partnex.com.pl\/wp-content\/uploads\/2016\/02\/Scan0036-100x100.jpg 100w\" sizes=\"auto, 100vw\" alt=\"\" \/><\/div><\/div>[\/vc_column][vc_column width=&#187;1\/3&#8243;]<div class=\"img-with-aniamtion-wrap left\" data-max-width=\"100%\" data-border-radius=\"\"><div class=\"inner\"><img loading=\"lazy\" decoding=\"async\" data-shadow=\"none\" data-shadow-direction=\"middle\" class=\"img-with-animation \" data-delay=\"0\" height=\"500\" width=\"500\" data-animation=\"none\" src=\"https:\/\/partnex.com.pl\/wp-content\/uploads\/2016\/02\/Scan0028.jpg\" srcset=\"https:\/\/partnex.com.pl\/wp-content\/uploads\/2016\/02\/Scan0028.jpg 500w, https:\/\/partnex.com.pl\/wp-content\/uploads\/2016\/02\/Scan0028-150x150.jpg 150w, https:\/\/partnex.com.pl\/wp-content\/uploads\/2016\/02\/Scan0028-300x300.jpg 300w, https:\/\/partnex.com.pl\/wp-content\/uploads\/2016\/02\/Scan0028-50x50.jpg 50w, https:\/\/partnex.com.pl\/wp-content\/uploads\/2016\/02\/Scan0028-100x100.jpg 100w\" sizes=\"auto, 100vw\" alt=\"\" \/><\/div><\/div>[\/vc_column][vc_column width=&#187;1\/3&#8243;]<div class=\"img-with-aniamtion-wrap left\" data-max-width=\"100%\" data-border-radius=\"\"><div class=\"inner\"><img loading=\"lazy\" decoding=\"async\" data-shadow=\"none\" data-shadow-direction=\"middle\" class=\"img-with-animation \" data-delay=\"0\" height=\"500\" width=\"500\" data-animation=\"none\" src=\"https:\/\/partnex.com.pl\/wp-content\/uploads\/2016\/02\/Scan0024.jpg\" srcset=\"https:\/\/partnex.com.pl\/wp-content\/uploads\/2016\/02\/Scan0024.jpg 500w, https:\/\/partnex.com.pl\/wp-content\/uploads\/2016\/02\/Scan0024-150x150.jpg 150w, https:\/\/partnex.com.pl\/wp-content\/uploads\/2016\/02\/Scan0024-300x300.jpg 300w, https:\/\/partnex.com.pl\/wp-content\/uploads\/2016\/02\/Scan0024-50x50.jpg 50w, https:\/\/partnex.com.pl\/wp-content\/uploads\/2016\/02\/Scan0024-100x100.jpg 100w\" sizes=\"auto, 100vw\" alt=\"\" \/><\/div><\/div>[\/vc_column][\/vc_row]\n","protected":false},"excerpt":{"rendered":"<p>[vc_row][vc_column width=&#187;1\/1&#8243;][\/vc_column][\/vc_row][vc_row][vc_column width=&#187;1\/1&#8243;][vc_row_inner][vc_column_inner width=&#187;1\/1&#8243;] [\/vc_column_inner][\/vc_row_inner][\/vc_column][\/vc_row][vc_row][vc_column width=&#187;2\/3&#8243;][vc_column_text] Partnex jest prywatn\u0105 firm\u0105 za\u0142o\u017con\u0105 w 1982 roku przez dw\u00f3ch polskich in\u017cynier\u00f3w. Specjalizuje si\u0119 w wytwarzaniu wysokiej jako\u015bci produkt\u00f3w ze stali nierdzewnej i aluminium&#8230;<\/p>\n","protected":false},"author":1,"featured_media":0,"parent":0,"menu_order":0,"comment_status":"closed","ping_status":"closed","template":"","meta":{"_mi_skip_tracking":false,"_monsterinsights_skip_tracking":false,"_monsterinsights_sitenote_active":false,"_monsterinsights_sitenote_note":"","_monsterinsights_sitenote_category":0,"footnotes":""},"class_list":["post-1107","page","type-page","status-publish","hentry"],"_links":{"self":[{"href":"https:\/\/partnex.com.pl\/ru\/wp-json\/wp\/v2\/pages\/1107","targetHints":{"allow":["GET"]}}],"collection":[{"href":"https:\/\/partnex.com.pl\/ru\/wp-json\/wp\/v2\/pages"}],"about":[{"href":"https:\/\/partnex.com.pl\/ru\/wp-json\/wp\/v2\/types\/page"}],"author":[{"embeddable":true,"href":"https:\/\/partnex.com.pl\/ru\/wp-json\/wp\/v2\/users\/1"}],"replies":[{"embeddable":true,"href":"https:\/\/partnex.com.pl\/ru\/wp-json\/wp\/v2\/comments?post=1107"}],"version-history":[{"count":9,"href":"https:\/\/partnex.com.pl\/ru\/wp-json\/wp\/v2\/pages\/1107\/revisions"}],"predecessor-version":[{"id":1343,"href":"https:\/\/partnex.com.pl\/ru\/wp-json\/wp\/v2\/pages\/1107\/revisions\/1343"}],"wp:attachment":[{"href":"https:\/\/partnex.com.pl\/ru\/wp-json\/wp\/v2\/media?parent=1107"}],"curies":[{"name":"wp","href":"https:\/\/api.w.org\/{rel}","templated":true}]}}